{"id":615,"date":"2020-07-06T09:27:54","date_gmt":"2020-07-06T07:27:54","guid":{"rendered":"https:\/\/probion.com\/om-probion"},"modified":"2020-08-21T15:26:53","modified_gmt":"2020-08-21T13:26:53","slug":"om-probion","status":"publish","type":"page","link":"https:\/\/dev1.pb.com.iteasy.ovh\/sv\/om-probion","title":{"rendered":"Om ProBion"},"content":{"rendered":"\n<section class=\"wp-block-uagb-columns uagb-columns__wrap uagb-columns__background-color uagb-columns__stack-mobile uagb-columns__valign-undefined uagb-columns__gap-10 alignundefined uagb-block-820a286f\"><div class=\"uagb-columns__overlay\"><\/div><div class=\"uagb-columns__inner-wrap uagb-columns__columns-1\">\n<div class=\"wp-block-uagb-column uagb-column__wrap uagb-column__background-undefined uagb-block-c13686aa\"><div class=\"uagb-column__overlay\"><\/div><div class=\"uagb-column__inner-wrap\">\n<h1 class=\"has-text-align-center header_bar_h has-text-color\" style=\"color:#155196\">Om ProBion<\/h1>\n\n\n\n<h2 class=\"has-text-align-center\">Vi \u00e4r f\u00f6reg\u00e5ngare med Probiotika f\u00f6r m\u00e4nsklig h\u00e4lsa<\/h2>\n\n\n\n<hr class=\"wp-block-separator\"\/>\n\n\n\n<section class=\"wp-block-uagb-columns uagb-columns__wrap uagb-columns__background-undefined uagb-columns__stack-mobile uagb-columns__valign-undefined uagb-columns__gap-10 alignundefined uagb-block-f3277760\"><div class=\"uagb-columns__overlay\"><\/div><div class=\"uagb-columns__inner-wrap uagb-columns__columns-3\">\n<div class=\"wp-block-uagb-column uagb-column__wrap uagb-column__background-undefined uagb-block-bb07c00a\"><div class=\"uagb-column__overlay\"><\/div><div class=\"uagb-column__inner-wrap\">\n<div class=\"wp-block-uagb-info-box uagb-infobox__outer-wrap uagb-block-4d7bbb2b\"><div class=\"uagb-infobox__content-wrap uagb-infobox uagb-infobox-has-icon uagb-infobox-icon-above-title uagb-infobox-image-valign-top uagb-infobox-enable-border-radius \"><div class=\"uagb-ifb-left-right-wrap\"><div class=\"uagb-ifb-content\"><div class=\"uagb-ifb-image-icon-content uagb-ifb-imgicon-wrap\"><div class=\"uagb-ifb-icon-wrap\"><span class=\"uagb-ifb-icon\"><svg xmlns=\"http:\/\/www.w3.org\/2000\/svg\" viewbox=\"0 0 448 512\"><path d=\"M103.3 344.3c-6.5-14.2-6.9-18.3 7.4-23.1 25.6-8 8 9.2 43.2 49.2h.3v-93.9c1.2-50.2 44-92.2 97.7-92.2 53.9 0 97.7 43.5 97.7 96.8 0 63.4-60.8 113.2-128.5 93.3-10.5-4.2-2.1-31.7 8.5-28.6 53 0 89.4-10.1 89.4-64.4 0-61-77.1-89.6-116.9-44.6-23.5 26.4-17.6 42.1-17.6 157.6 50.7 31 118.3 22 160.4-20.1 24.8-24.8 38.5-58 38.5-93 0-35.2-13.8-68.2-38.8-93.3-24.8-24.8-57.8-38.5-93.3-38.5s-68.8 13.8-93.5 38.5c-.3.3-16 16.5-21.2 23.9l-.5.6c-3.3 4.7-6.3 9.1-20.1 6.1-6.9-1.7-14.3-5.8-14.3-11.8V20c0-5 3.9-10.5 10.5-10.5h241.3c8.3 0 8.3 11.6 8.3 15.1 0 3.9 0 15.1-8.3 15.1H130.3v132.9h.3c104.2-109.8 282.8-36 282.8 108.9 0 178.1-244.8 220.3-310.1 62.8zm63.3-260.8c-.5 4.2 4.6 24.5 14.6 20.6C306 56.6 384 144.5 390.6 144.5c4.8 0 22.8-15.3 14.3-22.8-93.2-89-234.5-57-238.3-38.2zM393 414.7C283 524.6 94 475.5 61 310.5c0-12.2-30.4-7.4-28.9 3.3 24 173.4 246 256.9 381.6 121.3 6.9-7.8-12.6-28.4-20.7-20.4zM213.6 306.6c0 4 4.3 7.3 5.5 8.5 3 3 6.1 4.4 8.5 4.4 3.8 0 2.6.2 22.3-19.5 19.6 19.3 19.1 19.5 22.3 19.5 5.4 0 18.5-10.4 10.7-18.2L265.6 284l18.2-18.2c6.3-6.8-10.1-21.8-16.2-15.7L249.7 268c-18.6-18.8-18.4-19.5-21.5-19.5-5 0-18 11.7-12.4 17.3L234 284c-18.1 17.9-20.4 19.2-20.4 22.6z\"><\/path><\/svg><\/span><\/div><\/div><div class=\"uagb-ifb-title-wrap\"><span class=\"uagb-ifb-title-prefix\">\u00c4rlig vetenskap<\/span><h3 class=\"uagb-ifb-title\"> Kvalitet och Innovation<\/h3><\/div><div class=\"uagb-ifb-separator-parent\"><div class=\"uagb-ifb-separator\"><\/div><\/div><div class=\"uagb-ifb-text-wrap\"><p class=\"uagb-ifb-desc\">ProBion representerar kvalitet och innovation. Den produceras i Sverige av Wasa Medicals \u2013 medlem av International Probiotic Association \u2013 IPA<\/p><\/div><\/div><\/div><\/div><\/div>\n<\/div><\/div>\n\n\n\n<div class=\"wp-block-uagb-column uagb-column__wrap uagb-column__background-undefined uagb-block-339ffb67\"><div class=\"uagb-column__overlay\"><\/div><div class=\"uagb-column__inner-wrap\">\n<div class=\"wp-block-uagb-info-box uagb-infobox__outer-wrap uagb-block-5e740fb9\"><div class=\"uagb-infobox__content-wrap uagb-infobox uagb-infobox-has-image uagb-infobox-icon-above-title uagb-infobox-image-valign-top uagb-infobox-enable-border-radius \"><div class=\"uagb-ifb-left-right-wrap\"><div class=\"uagb-ifb-content\"><div class=\"uagb-ifb-image-icon-content uagb-ifb-imgicon-wrap\"><div class=\"uagb-ifb-image\"><div class=\"uagb-ifb-image-content\"><img class=\"\" src=\"https:\/\/probion.com\/wp-content\/uploads\/2020\/07\/lennart_cedgard_ceo_probion-150x150.jpg\" alt=\"\"\/><\/div><\/div><\/div><div class=\"uagb-ifb-title-wrap\"><span class=\"uagb-ifb-title-prefix\">Medlem av International Probiotic Association<\/span><h3 class=\"uagb-ifb-title\">Dr. Lennart Cedg\u00e5rd<\/h3><\/div><div class=\"uagb-ifb-separator-parent\"><div class=\"uagb-ifb-separator\"><\/div><\/div><div class=\"uagb-ifb-text-wrap\"><p class=\"uagb-ifb-desc\">Forskning och Utveckling ledd av doktor Lennart Cedg\u00e5rd med \u00f6ver 35 \u00e5rs klinisk erfarenhet av ekologisk mikroekologi och probiotika tillsammans med terapeuter. <\/p><\/div><\/div><\/div><\/div><\/div>\n<\/div><\/div>\n\n\n\n<div class=\"wp-block-uagb-column uagb-column__wrap uagb-column__background-undefined uagb-block-4db7f2b6\"><div class=\"uagb-column__overlay\"><\/div><div class=\"uagb-column__inner-wrap\">\n<div class=\"wp-block-uagb-info-box uagb-infobox__outer-wrap uagb-block-30fcf16c\"><div class=\"uagb-infobox__content-wrap uagb-infobox uagb-infobox-has-icon uagb-infobox-icon-above-title uagb-infobox-image-valign-top uagb-infobox-enable-border-radius \"><div class=\"uagb-ifb-left-right-wrap\"><div class=\"uagb-ifb-content\"><div class=\"uagb-ifb-image-icon-content uagb-ifb-imgicon-wrap\"><div class=\"uagb-ifb-icon-wrap\"><span class=\"uagb-ifb-icon\"><svg xmlns=\"http:\/\/www.w3.org\/2000\/svg\" viewbox=\"0 0 640 512\"><path d=\"M72 64h24v240c0 44.1 35.9 80 80 80s80-35.9 80-80V64h24c4.4 0 8-3.6 8-8V8c0-4.4-3.6-8-8-8H72c-4.4 0-8 3.6-8 8v48c0 4.4 3.6 8 8 8zm72 0h64v96h-64V64zm480 384H16c-8.8 0-16 7.2-16 16v32c0 8.8 7.2 16 16 16h608c8.8 0 16-7.2 16-16v-32c0-8.8-7.2-16-16-16zM360 64h24v240c0 44.1 35.9 80 80 80s80-35.9 80-80V64h24c4.4 0 8-3.6 8-8V8c0-4.4-3.6-8-8-8H360c-4.4 0-8 3.6-8 8v48c0 4.4 3.6 8 8 8zm72 0h64v96h-64V64z\"><\/path><\/svg><\/span><\/div><\/div><div class=\"uagb-ifb-title-wrap\"><span class=\"uagb-ifb-title-prefix\">Kvalitets-s\u00e4kring av oberoende laboratorier<\/span><h3 class=\"uagb-ifb-title\">Garanterat livskraftiga kulturer<\/h3><\/div><div class=\"uagb-ifb-separator-parent\"><div class=\"uagb-ifb-separator\"><\/div><\/div><div class=\"uagb-ifb-text-wrap\"><p class=\"uagb-ifb-desc\">Analyser av oberoende laboratorier med Fl\u00f6des-cytometri visar p\u00e5 bevarad bakteriell integritet och livskraft i \u00f6ver 5 \u00e5r f\u00f6rvarat i rumstemperatur<\/p><\/div><\/div><\/div><\/div><\/div>\n<\/div><\/div>\n<\/div><\/section>\n\n\n\n<section class=\"wp-block-uagb-columns uagb-columns__wrap uagb-columns__background-undefined uagb-columns__stack-mobile uagb-columns__valign-undefined uagb-columns__gap-10 alignundefined uagb-block-5093027e\"><div class=\"uagb-columns__overlay\"><\/div><div class=\"uagb-columns__inner-wrap uagb-columns__columns-3\">\n<div class=\"wp-block-uagb-column uagb-column__wrap uagb-column__background-undefined uagb-block-76f4beb5\"><div class=\"uagb-column__overlay\"><\/div><div class=\"uagb-column__inner-wrap\">\n<div class=\"wp-block-uagb-info-box uagb-infobox__outer-wrap uagb-block-c7c3d1c5\"><div class=\"uagb-infobox__content-wrap uagb-infobox uagb-infobox-has-icon uagb-infobox-icon-above-title uagb-infobox-image-valign-top uagb-infobox-enable-border-radius \"><div class=\"uagb-ifb-left-right-wrap\"><div class=\"uagb-ifb-content\"><div class=\"uagb-ifb-image-icon-content uagb-ifb-imgicon-wrap\"><div class=\"uagb-ifb-icon-wrap\"><span class=\"uagb-ifb-icon\"><svg xmlns=\"http:\/\/www.w3.org\/2000\/svg\" viewbox=\"0 0 576 512\"><path d=\"M544 96H416V32c0-17.7-14.3-32-32-32H192c-17.7 0-32 14.3-32 32v64H32c-17.7 0-32 14.3-32 32v368c0 8.8 7.2 16 16 16h544c8.8 0 16-7.2 16-16V128c0-17.7-14.3-32-32-32zM160 436c0 6.6-5.4 12-12 12h-40c-6.6 0-12-5.4-12-12v-40c0-6.6 5.4-12 12-12h40c6.6 0 12 5.4 12 12v40zm0-128c0 6.6-5.4 12-12 12h-40c-6.6 0-12-5.4-12-12v-40c0-6.6 5.4-12 12-12h40c6.6 0 12 5.4 12 12v40zm160 128c0 6.6-5.4 12-12 12h-40c-6.6 0-12-5.4-12-12v-40c0-6.6 5.4-12 12-12h40c6.6 0 12 5.4 12 12v40zm0-128c0 6.6-5.4 12-12 12h-40c-6.6 0-12-5.4-12-12v-40c0-6.6 5.4-12 12-12h40c6.6 0 12 5.4 12 12v40zm16-170c0 3.3-2.7 6-6 6h-26v26c0 3.3-2.7 6-6 6h-20c-3.3 0-6-2.7-6-6v-26h-26c-3.3 0-6-2.7-6-6v-20c0-3.3 2.7-6 6-6h26V86c0-3.3 2.7-6 6-6h20c3.3 0 6 2.7 6 6v26h26c3.3 0 6 2.7 6 6v20zm144 298c0 6.6-5.4 12-12 12h-40c-6.6 0-12-5.4-12-12v-40c0-6.6 5.4-12 12-12h40c6.6 0 12 5.4 12 12v40zm0-128c0 6.6-5.4 12-12 12h-40c-6.6 0-12-5.4-12-12v-40c0-6.6 5.4-12 12-12h40c6.6 0 12 5.4 12 12v40z\"><\/path><\/svg><\/span><\/div><\/div><div class=\"uagb-ifb-title-wrap\"><span class=\"uagb-ifb-title-prefix\">Vi \u00e4r f\u00f6reg\u00e5ngare med Probiotika f\u00f6r m\u00e4nsklig h\u00e4lsa<\/span><h3 class=\"uagb-ifb-title\">V\u00e5r Teknologi<\/h3><\/div><div class=\"uagb-ifb-separator-parent\"><div class=\"uagb-ifb-separator\"><\/div><\/div><div class=\"uagb-ifb-text-wrap\"><p class=\"uagb-ifb-desc\">ProBions terapeutiska kvalitet \u00e4r baserat med vetenskaplig evidens med adekvata protokoll.  Detta medf\u00f6r kvalitet-standard som appliceras i Europa ref l\u00e4kemedel och de substanser som ing\u00e5r i produkterna<\/p><\/div><\/div><\/div><\/div><\/div>\n<\/div><\/div>\n\n\n\n<div class=\"wp-block-uagb-column uagb-column__wrap uagb-column__background-undefined uagb-block-09bd864d\"><div class=\"uagb-column__overlay\"><\/div><div class=\"uagb-column__inner-wrap\">\n<div class=\"wp-block-uagb-info-box uagb-infobox__outer-wrap uagb-block-7290af4e\"><div class=\"uagb-infobox__content-wrap uagb-infobox uagb-infobox-has-image uagb-infobox-icon-above-title uagb-infobox-image-valign-top uagb-infobox-enable-border-radius \"><div class=\"uagb-ifb-left-right-wrap\"><div class=\"uagb-ifb-content\"><div class=\"uagb-ifb-image-icon-content uagb-ifb-imgicon-wrap\"><div class=\"uagb-ifb-image\"><div class=\"uagb-ifb-image-content\"><img class=\"\" src=\"https:\/\/probion.com\/wp-content\/uploads\/2020\/06\/icon-probionheart-small-svg.svg\" alt=\"\"\/><\/div><\/div><\/div><div class=\"uagb-ifb-title-wrap\"><span class=\"uagb-ifb-title-prefix\">Forskning<\/span><h3 class=\"uagb-ifb-title\">Koloncancer<\/h3><\/div><div class=\"uagb-ifb-separator-parent\"><div class=\"uagb-ifb-separator\"><\/div><\/div><div class=\"uagb-ifb-text-wrap\"><p class=\"uagb-ifb-desc\">ProBion anv\u00e4ndes vid en klinisk studie presenterad i BMJ med intervention av probiotiska bakterier hos patienter med tjocktarmscancer. ProBion \u00e4r en sj\u00e4lvklar kandidat vid kliniska studier oavsett val av bakteriestammar.<\/p><\/div><\/div><\/div><\/div><\/div>\n<\/div><\/div>\n\n\n\n<div class=\"wp-block-uagb-column uagb-column__wrap uagb-column__background-undefined uagb-block-ab919120\"><div class=\"uagb-column__overlay\"><\/div><div class=\"uagb-column__inner-wrap\">\n<div class=\"wp-block-uagb-info-box uagb-infobox__outer-wrap uagb-block-b71afe29\"><div class=\"uagb-infobox__content-wrap uagb-infobox uagb-infobox-has-icon uagb-infobox-icon-above-title uagb-infobox-image-valign-top uagb-infobox-enable-border-radius \"><div class=\"uagb-ifb-left-right-wrap\"><div class=\"uagb-ifb-content\"><div class=\"uagb-ifb-image-icon-content uagb-ifb-imgicon-wrap\"><div class=\"uagb-ifb-icon-wrap\"><span class=\"uagb-ifb-icon\"><svg xmlns=\"http:\/\/www.w3.org\/2000\/svg\" viewbox=\"0 0 384 512\"><path d=\"M357.45 468.2c-1.2-7.7-1.3-7.6-9.6-7.6-99.8.2-111.8-2.4-112.7-2.6-12.3-1.7-20.6-10.5-21-23.1-.1-1.6-.2-71.6-1-129.1-.1-4.7 1.6-6.4 5.9-7.5 12.5-3 24.9-6.1 37.3-9.7 4.3-1.3 6.8-.2 8.4 3.5 4.5 10.3 8.8 20.6 13.2 30.9 1.6 3.7.1 4.4-3.4 4.4-10-.2-20-.1-30.4-.1v27h116c-1.4-9.5-2.7-18.1-4-27.5-7 0-13.8.4-20.4-.1-22.6-1.6-18.3-4.4-84-158.6-8.8-20.1-27.9-62.1-36.5-89.2-4.4-14 5.5-25.4 18.9-26.6 18.6-1.7 37.5-1.6 56.2-2 20.6-.4 41.2-.4 61.8-.5 3.1 0 4-1.4 4.3-4.3 1.2-9.8 2.7-19.5 4-29.2.8-5.3 1.6-10.7 2.4-16.1L23.75 0c-3.6 0-5.3 1.1-4.6 5.3 2.2 13.2-.8.8 6.4 45.3 63.4 0 71.8.9 101.8.5 12.3-.2 37 3.5 37.7 22.1.4 11.4-1.1 11.3-32.6 87.4-53.8 129.8-50.7 120.3-67.3 161-1.7 4.1-3.6 5.2-7.6 5.2-8.5-.2-17-.3-25.4.1-1.9.1-5.2 1.8-5.5 3.2-1.5 8.1-2.2 16.3-3.2 24.9h114.3v-27.6c-6.9 0-33.5.4-35.3-2.9 5.3-12.3 10.4-24.4 15.7-36.7 16.3 4 31.9 7.8 47.6 11.7 3.4.9 4.6 3 4.6 6.8-.1 42.9.1 85.9.2 128.8 0 10.2-5.5 19.1-14.9 23.1-6.5 2.7-3.3 3.4-121.4 2.4-5.3 0-7.1 2-7.6 6.8-1.5 12.9-2.9 25.9-5 38.8-.8 5 1.3 5.7 5.3 5.7 183.2.6-30.7 0 337.1 0-2.5-15-4.4-29.4-6.6-43.7zm-174.9-205.7c-13.3-4.2-26.6-8.2-39.9-12.5a44.53 44.53 0 0 1-5.8-2.9c17.2-44.3 34.2-88.1 51.3-132.1 7.5 2.4 7.9-.8 9.4 0 9.3 22.5 18.1 60.1 27 82.8 6.6 16.7 13 33.5 19.7 50.9a35.78 35.78 0 0 1-3.9 2.1c-13.1 3.9-26.4 7.5-39.4 11.7a27.66 27.66 0 0 1-18.4 0z\"><\/path><\/svg><\/span><\/div><\/div><div class=\"uagb-ifb-title-wrap\"><span class=\"uagb-ifb-title-prefix\">Exakt och innovativ<\/span><h3 class=\"uagb-ifb-title\">\u00c4rlig vetenskap<\/h3><\/div><div class=\"uagb-ifb-separator-parent\"><div class=\"uagb-ifb-separator\"><\/div><\/div><div class=\"uagb-ifb-text-wrap\"><p class=\"uagb-ifb-desc\">V\u00e5rt fokus \u00e4r b\u00e5de grundvetenskapliga och kliniska studier \u00f6ver de tillf\u00f6rda probiotiska mikrobernas effekt p\u00e5 olika sjukdomar, som tjocktarmscancer, metaboliska sjukdomar, celiaki, infertilitet och IBS. Vi samarbetar med universitet och sjukhus runt om i v\u00e4rlden. Vi tror att v\u00e5ra aktiviteter kan bidra till f\u00f6rb\u00e4ttrad h\u00e4lsa och livskvalitet hos m\u00e4nniskor.<\/p><\/div><\/div><\/div><\/div><\/div>\n<\/div><\/div>\n<\/div><\/section>\n\n\n\n<p class=\"has-text-align-center\">\u27a4 <a href=\"https:\/\/probion.com\/sv\/kontakt-probion\">Kontakta ProBion<\/a><\/p>\n<\/div><\/div>\n<\/div><\/section>\n","protected":false},"excerpt":{"rendered":"","protected":false},"author":1,"featured_media":0,"parent":0,"menu_order":0,"comment_status":"closed","ping_status":"closed","template":"","meta":{"inline_featured_image":false,"site-sidebar-layout":"default","site-content-layout":"default","ast-main-header-display":"","ast-hfb-above-header-display":"","ast-hfb-below-header-display":"","ast-hfb-mobile-header-display":"","site-post-title":"disabled","ast-breadcrumbs-content":"","ast-featured-img":"","footer-sml-layout":"","theme-transparent-header-meta":"default","adv-header-id-meta":"","stick-header-meta":"","header-above-stick-meta":"","header-main-stick-meta":"","header-below-stick-meta":""},"uagb_featured_image_src":{"full":false,"thumbnail":false,"medium":false,"medium_large":false,"large":false,"1536x1536":false,"2048x2048":false,"woocommerce_thumbnail":false,"woocommerce_single":false,"woocommerce_gallery_thumbnail":false,"shop_catalog":false,"shop_single":false,"shop_thumbnail":false},"uagb_author_info":{"display_name":"Mad","author_link":"https:\/\/dev1.pb.com.iteasy.ovh\/sv\/probion-blog\/author\/mad"},"uagb_comment_info":0,"uagb_excerpt":null,"_links":{"self":[{"href":"https:\/\/dev1.pb.com.iteasy.ovh\/sv\/wp-json\/wp\/v2\/pages\/615"}],"collection":[{"href":"https:\/\/dev1.pb.com.iteasy.ovh\/sv\/wp-json\/wp\/v2\/pages"}],"about":[{"href":"https:\/\/dev1.pb.com.iteasy.ovh\/sv\/wp-json\/wp\/v2\/types\/page"}],"author":[{"embeddable":true,"href":"https:\/\/dev1.pb.com.iteasy.ovh\/sv\/wp-json\/wp\/v2\/users\/1"}],"replies":[{"embeddable":true,"href":"https:\/\/dev1.pb.com.iteasy.ovh\/sv\/wp-json\/wp\/v2\/comments?post=615"}],"version-history":[{"count":0,"href":"https:\/\/dev1.pb.com.iteasy.ovh\/sv\/wp-json\/wp\/v2\/pages\/615\/revisions"}],"wp:attachment":[{"href":"https:\/\/dev1.pb.com.iteasy.ovh\/sv\/wp-json\/wp\/v2\/media?parent=615"}],"curies":[{"name":"wp","href":"https:\/\/api.w.org\/{rel}","templated":true}]}}