{"id":611,"date":"2020-07-06T08:59:02","date_gmt":"2020-07-06T06:59:02","guid":{"rendered":"https:\/\/probion.com\/kop-probion"},"modified":"2021-04-23T13:09:23","modified_gmt":"2021-04-23T11:09:23","slug":"kop-probion","status":"publish","type":"page","link":"http:\/\/dev1.pb.com.iteasy.ovh\/sv\/kop-probion","title":{"rendered":"K\u00f6p ProBion"},"content":{"rendered":"\n<h1 class=\"has-text-align-center\">K\u00f6p ProBion anpassat f\u00f6r olika magar<\/h1>\n\n<h3 class=\"has-text-align-center\">Livskraftiga bakterier utvalda med referens till forskning och Probiotika mot symtom p\u00e5 <a href=\"https:\/\/probion.com\/probion-blog\/probiotics-for-ibs#constipation\">f\u00f6rstoppning<\/a>, <a href=\"https:\/\/probion.com\/probion-blog\/probiotics-for-ibs#diarrhoea\">diarr\u00e9<\/a> och <a href=\"https:\/\/probion.com\/probion-blog\/probiotics-for-ibs\">IBS<\/a><\/h3>\n\n<div class=\"woocommerce columns-4 \"><ul class=\"products columns-4\">\n<li class=\"align-center box-shadow-1 box-shadow-3-hover ast-product-gallery-layout-horizontal ast-product-gallery-with-no-image ast-product-tabs-layout-horizontal product type-product post-604 status-publish first instock product_cat-probion-probiotika has-post-thumbnail taxable shipping-taxable purchasable product-type-simple\">\n\t<span data-content_category=\"Probiotika\"><\/span><\/li>\n<li class=\"align-center box-shadow-1 box-shadow-3-hover ast-product-gallery-layout-horizontal ast-product-gallery-with-no-image ast-product-tabs-layout-horizontal product type-product post-643 status-publish instock product_cat-probion-probiotika has-post-thumbnail taxable shipping-taxable purchasable product-type-simple\">\n\t<span data-content_category=\"Probiotika\"><\/span><\/li>\n<li class=\"align-center box-shadow-1 box-shadow-3-hover ast-product-gallery-layout-horizontal ast-product-gallery-with-no-image ast-product-tabs-layout-horizontal product type-product post-607 status-publish instock product_cat-probion-probiotika has-post-thumbnail taxable shipping-taxable purchasable product-type-variable has-default-attributes\">\n\t<span data-content_category=\"Probiotika\"><\/span><\/li>\n<li class=\"align-center box-shadow-1 box-shadow-3-hover ast-product-gallery-layout-horizontal ast-product-gallery-with-no-image ast-product-tabs-layout-horizontal product type-product post-606 status-publish last instock product_cat-probion-probiotika has-post-thumbnail taxable shipping-taxable purchasable product-type-simple\">\n\t<span data-content_category=\"Probiotika\"><\/span><\/li>\n<\/ul>\n<\/div>\n\n<section class=\"wp-block-uagb-columns uagb-columns__wrap uagb-columns__background-color uagb-columns__stack-mobile uagb-columns__valign-undefined uagb-columns__gap-10 alignundefined uagb-block-f251f50f\"><div class=\"uagb-columns__overlay\"><\/div><div class=\"uagb-columns__inner-wrap uagb-columns__columns-1\">\n<div class=\"wp-block-uagb-column uagb-column__wrap uagb-column__background-undefined uagb-block-642991cd\"><div class=\"uagb-column__overlay\"><\/div><div class=\"uagb-column__inner-wrap\">\n<h2><a href=\"http:\/\/www.reviews.co.uk\/company-reviews\/store\/probion-com\" target=\"_blank\" rel=\"noreferrer noopener\">ProBion Vad V\u00e5ra Kunder S\u00e4ger?<\/a><\/h2>\n\n\n\n<p>[rio_shortcode]<\/p>\n<\/div><\/div>\n<\/div><\/section>\n\n<style><![CDATA[ .entry-content h2, .entry-content h4, .entry-content h6 { margin-bottom: 0.2em; } ]]]]><![CDATA[><\/style>\n","protected":false},"excerpt":{"rendered":"<p>K\u00f6p ProBion anpassat f\u00f6r olika magar Livskraftiga bakterier utvalda med referens till forskning och Probiotika mot symtom p\u00e5 f\u00f6rstoppning, diarr\u00e9 och IBS<\/p>\n","protected":false},"author":1,"featured_media":0,"parent":0,"menu_order":0,"comment_status":"closed","ping_status":"closed","template":"","meta":{"inline_featured_image":false,"site-sidebar-layout":"default","site-content-layout":"default","ast-main-header-display":"","ast-hfb-above-header-display":"","ast-hfb-below-header-display":"","ast-hfb-mobile-header-display":"","site-post-title":"disabled","ast-breadcrumbs-content":"","ast-featured-img":"","footer-sml-layout":"","theme-transparent-header-meta":"default","adv-header-id-meta":"","stick-header-meta":"","header-above-stick-meta":"","header-main-stick-meta":"","header-below-stick-meta":""},"uagb_featured_image_src":{"full":false,"thumbnail":false,"medium":false,"medium_large":false,"large":false,"1536x1536":false,"2048x2048":false,"woocommerce_thumbnail":false,"woocommerce_single":false,"woocommerce_gallery_thumbnail":false,"shop_catalog":false,"shop_single":false,"shop_thumbnail":false},"uagb_author_info":{"display_name":"Mad","author_link":"http:\/\/dev1.pb.com.iteasy.ovh\/sv\/probion-blog\/author\/mad"},"uagb_comment_info":0,"uagb_excerpt":"K\u00f6p ProBion anpassat f\u00f6r olika magar Livskraftiga bakterier utvalda med referens till forskning och Probiotika mot symtom p\u00e5 f\u00f6rstoppning, diarr\u00e9 och IBS","_links":{"self":[{"href":"http:\/\/dev1.pb.com.iteasy.ovh\/sv\/wp-json\/wp\/v2\/pages\/611"}],"collection":[{"href":"http:\/\/dev1.pb.com.iteasy.ovh\/sv\/wp-json\/wp\/v2\/pages"}],"about":[{"href":"http:\/\/dev1.pb.com.iteasy.ovh\/sv\/wp-json\/wp\/v2\/types\/page"}],"author":[{"embeddable":true,"href":"http:\/\/dev1.pb.com.iteasy.ovh\/sv\/wp-json\/wp\/v2\/users\/1"}],"replies":[{"embeddable":true,"href":"http:\/\/dev1.pb.com.iteasy.ovh\/sv\/wp-json\/wp\/v2\/comments?post=611"}],"version-history":[{"count":0,"href":"http:\/\/dev1.pb.com.iteasy.ovh\/sv\/wp-json\/wp\/v2\/pages\/611\/revisions"}],"wp:attachment":[{"href":"http:\/\/dev1.pb.com.iteasy.ovh\/sv\/wp-json\/wp\/v2\/media?parent=611"}],"curies":[{"name":"wp","href":"https:\/\/api.w.org\/{rel}","templated":true}]}}