{"id":597,"date":"2020-07-05T17:18:57","date_gmt":"2020-07-05T15:18:57","guid":{"rendered":"https:\/\/probion.com\/probion-matrix"},"modified":"2021-05-04T18:26:07","modified_gmt":"2021-05-04T16:26:07","slug":"probion-matrix","status":"publish","type":"page","link":"http:\/\/dev1.pb.com.iteasy.ovh\/sv\/probion-probiotika-forskning\/probion-matrix","title":{"rendered":"ProBion Matrix"},"content":{"rendered":"\n<section class=\"wp-block-uagb-columns uagb-columns__wrap uagb-columns__background-undefined uagb-columns__stack-mobile uagb-columns__valign-undefined uagb-columns__gap-10 alignundefined uagb-block-f901a6d4 greybg\"><div class=\"uagb-columns__overlay\"><\/div><div class=\"uagb-columns__inner-wrap uagb-columns__columns-1\">\n<div class=\"wp-block-uagb-column uagb-column__wrap uagb-column__background-undefined uagb-block-b99edfc3\"><div class=\"uagb-column__overlay\"><\/div><div class=\"uagb-column__inner-wrap\">\n<style><![CDATA[ .entry-title a, .entry-content h1, .entry-content h3 { color: #155196; } .entry-content h1 { margin-bottom: 0; } ]]]]><![CDATA[><\/style>\n\n\n\n<h1 class=\"has-text-align-center header_bar_h\">ProBion Matrix<\/h1>\n\n\n\n<h2 class=\"has-text-align-center\">Innovativ produktions-teknik<\/h2>\n\n\n\n<section class=\"wp-block-uagb-columns uagb-columns__wrap uagb-columns__background-undefined uagb-columns__stack-mobile uagb-columns__valign-undefined uagb-columns__gap-10 alignundefined uagb-block-b250c0b5\"><div class=\"uagb-columns__overlay\"><\/div><div class=\"uagb-columns__inner-wrap uagb-columns__columns-2\">\n<div class=\"wp-block-uagb-column uagb-column__wrap uagb-column__background-undefined uagb-block-25c74360\"><div class=\"uagb-column__overlay\"><\/div><div class=\"uagb-column__inner-wrap\">\n<div class=\"wp-block-image\"><figure class=\"aligncenter size-large is-resized\"><img loading=\"lazy\" src=\"https:\/\/probion.com\/wp-content\/uploads\/2020\/05\/icon-probion-matrix-svg-color.svg\" alt=\"\" class=\"wp-image-61\" width=\"260\" height=\"417\"\/><\/figure><\/div>\n\n\n\n<p><\/p>\n<\/div><\/div>\n\n\n\n<div class=\"wp-block-uagb-column uagb-column__wrap uagb-column__background-undefined uagb-block-f61b3d21\"><div class=\"uagb-column__overlay\"><\/div><div class=\"uagb-column__inner-wrap\">\n<h4>\u00bb Innovativ produktions-teknik levererar, matar och skyddar livskraftiga och oskadade mj\u00f6lksyra-bakterier i mage och tarm under f\u00f6rl\u00e4ngd tid.<\/h4>\n\n\n\n<div class=\"wp-block-image is-style-rounded\"><figure class=\"alignleft size-large is-resized\"><img loading=\"lazy\" src=\"https:\/\/probion.com\/wp-content\/uploads\/2020\/07\/lennart_cedgard_ceo_probion.jpg\" alt=\"\" class=\"wp-image-987\" width=\"100\" height=\"100\" srcset=\"http:\/\/dev1.pb.com.iteasy.ovh\/wp-content\/uploads\/2020\/07\/lennart_cedgard_ceo_probion.jpg 350w, http:\/\/dev1.pb.com.iteasy.ovh\/wp-content\/uploads\/2020\/07\/lennart_cedgard_ceo_probion-300x300.jpg 300w, http:\/\/dev1.pb.com.iteasy.ovh\/wp-content\/uploads\/2020\/07\/lennart_cedgard_ceo_probion-150x150.jpg 150w, http:\/\/dev1.pb.com.iteasy.ovh\/wp-content\/uploads\/2020\/07\/lennart_cedgard_ceo_probion-250x250.jpg 250w, http:\/\/dev1.pb.com.iteasy.ovh\/wp-content\/uploads\/2020\/07\/lennart_cedgard_ceo_probion-325x325.jpg 325w, http:\/\/dev1.pb.com.iteasy.ovh\/wp-content\/uploads\/2020\/07\/lennart_cedgard_ceo_probion-100x100.jpg 100w\" sizes=\"(max-width: 100px) 100vw, 100px\" \/><\/figure><\/div>\n\n\n\n<p>&#8221;<em>Inulin och Xanthan reglerar uppl\u00f6sningen av tabletten genom ett skyddande kluster runt bakterierna. Tabletten l\u00f6ses upp l\u00e5ngsamt under passagen genom mage och tarm. Bakterierna blir p\u00e5 detta s\u00e4tt exponerade \u00f6ver ett stort omr\u00e5de i digestions-kanalen. <span style=\"text-decoration: underline;\">Detta \u00e4r unikt f\u00f6r denna tablett j\u00e4mf\u00f6rt med andra tabletter, pulver eller kapslar och avg\u00f6rande f\u00f6r den stora skillnaden i livskraft.<\/span><\/em>&#8221;<strong>&#8211; Doktor Lennart Cedg\u00e5rd<\/strong> &#8211; <em>Innovat\u00f6r<\/em><\/p>\n\n\n\n<p><\/p>\n\n\n\n<p><\/p>\n<\/div><\/div>\n<\/div><\/section>\n\n\n\n<section class=\"wp-block-uagb-columns uagb-columns__wrap uagb-columns__background-undefined uagb-columns__stack-mobile uagb-columns__valign-undefined uagb-columns__gap-10 alignundefined uagb-block-966a459e\"><div class=\"uagb-columns__overlay\"><\/div><div class=\"uagb-columns__inner-wrap uagb-columns__columns-2\">\n<div class=\"wp-block-uagb-column uagb-column__wrap uagb-column__background-undefined uagb-block-8a6bd03f\"><div class=\"uagb-column__overlay\"><\/div><div class=\"uagb-column__inner-wrap\">\n<div class=\"wp-block-uagb-info-box uagb-infobox__outer-wrap uagb-block-97837e65\"><div class=\"uagb-infobox__content-wrap uagb-infobox uagb-infobox-has-icon uagb-infobox-icon-left uagb-infobox-left uagb-infobox-stacked-tablet uagb-infobox-image-valign-top uagb-infobox-enable-border-radius \"><div class=\"uagb-ifb-left-right-wrap\"><div class=\"uagb-ifb-image-icon-content uagb-ifb-imgicon-wrap\"><div class=\"uagb-ifb-icon-wrap\"><span class=\"uagb-ifb-icon\"><svg xmlns=\"http:\/\/www.w3.org\/2000\/svg\" viewbox=\"0 0 448 512\"><path d=\"M103.3 344.3c-6.5-14.2-6.9-18.3 7.4-23.1 25.6-8 8 9.2 43.2 49.2h.3v-93.9c1.2-50.2 44-92.2 97.7-92.2 53.9 0 97.7 43.5 97.7 96.8 0 63.4-60.8 113.2-128.5 93.3-10.5-4.2-2.1-31.7 8.5-28.6 53 0 89.4-10.1 89.4-64.4 0-61-77.1-89.6-116.9-44.6-23.5 26.4-17.6 42.1-17.6 157.6 50.7 31 118.3 22 160.4-20.1 24.8-24.8 38.5-58 38.5-93 0-35.2-13.8-68.2-38.8-93.3-24.8-24.8-57.8-38.5-93.3-38.5s-68.8 13.8-93.5 38.5c-.3.3-16 16.5-21.2 23.9l-.5.6c-3.3 4.7-6.3 9.1-20.1 6.1-6.9-1.7-14.3-5.8-14.3-11.8V20c0-5 3.9-10.5 10.5-10.5h241.3c8.3 0 8.3 11.6 8.3 15.1 0 3.9 0 15.1-8.3 15.1H130.3v132.9h.3c104.2-109.8 282.8-36 282.8 108.9 0 178.1-244.8 220.3-310.1 62.8zm63.3-260.8c-.5 4.2 4.6 24.5 14.6 20.6C306 56.6 384 144.5 390.6 144.5c4.8 0 22.8-15.3 14.3-22.8-93.2-89-234.5-57-238.3-38.2zM393 414.7C283 524.6 94 475.5 61 310.5c0-12.2-30.4-7.4-28.9 3.3 24 173.4 246 256.9 381.6 121.3 6.9-7.8-12.6-28.4-20.7-20.4zM213.6 306.6c0 4 4.3 7.3 5.5 8.5 3 3 6.1 4.4 8.5 4.4 3.8 0 2.6.2 22.3-19.5 19.6 19.3 19.1 19.5 22.3 19.5 5.4 0 18.5-10.4 10.7-18.2L265.6 284l18.2-18.2c6.3-6.8-10.1-21.8-16.2-15.7L249.7 268c-18.6-18.8-18.4-19.5-21.5-19.5-5 0-18 11.7-12.4 17.3L234 284c-18.1 17.9-20.4 19.2-20.4 22.6z\"><\/path><\/svg><\/span><\/div><\/div><div class=\"uagb-ifb-content\"><div class=\"uagb-ifb-title-wrap\"><\/div><div class=\"uagb-ifb-text-wrap\"><p class=\"uagb-ifb-desc\">ProBion Matrix Tabletten levererar, matar och skyddar livskraftiga och oskadade mj\u00f6lksyra- bakterier i mage och tarm under f\u00f6rl\u00e4ngd tid.<\/p><\/div><\/div><\/div><\/div><\/div>\n<\/div><\/div>\n\n\n\n<div class=\"wp-block-uagb-column uagb-column__wrap uagb-column__background-undefined uagb-block-b33a4835\"><div class=\"uagb-column__overlay\"><\/div><div class=\"uagb-column__inner-wrap\">\n<div class=\"wp-block-uagb-info-box uagb-infobox__outer-wrap uagb-block-1b2fac04-4f47-4f1b-95a0-023bae7b7e25\"><div class=\"uagb-infobox__content-wrap uagb-infobox uagb-infobox-has-icon uagb-infobox-icon-left uagb-infobox-left uagb-infobox-stacked-tablet uagb-infobox-image-valign-top uagb-infobox-enable-border-radius \"><div class=\"uagb-ifb-left-right-wrap\"><div class=\"uagb-ifb-image-icon-content uagb-ifb-imgicon-wrap\"><div class=\"uagb-ifb-icon-wrap\"><span class=\"uagb-ifb-icon\"><svg xmlns=\"http:\/\/www.w3.org\/2000\/svg\" viewbox=\"0 0 512 512\"><path d=\"M496 128c0 221.282-135.934 344.645-221.539 380.308a48 48 0 0 1-36.923 0C130.495 463.713 16 326.487 16 128a48 48 0 0 1 29.539-44.308l192-80a48 48 0 0 1 36.923 0l192 80A48 48 0 0 1 496 128zM256 446.313l.066.034c93.735-46.689 172.497-156.308 175.817-307.729L256 65.333v380.98z\"><\/path><\/svg><\/span><\/div><\/div><div class=\"uagb-ifb-content\"><div class=\"uagb-ifb-title-wrap\"><\/div><div class=\"uagb-ifb-text-wrap\"><p class=\"uagb-ifb-desc\">Kulturerna \u00e4r skyddade mot magsyror och gallsyror genom sin struktur best\u00e5ende av Inulin som inneh\u00e5ller frukto-polysackarider (FPS) och frukto-oligosackarider (FOS) samt genom skyddande slem-bildande Xanthan.<\/p><\/div><\/div><\/div><\/div><\/div>\n<\/div><\/div>\n<\/div><\/section>\n\n\n\n<section class=\"wp-block-uagb-columns uagb-columns__wrap uagb-columns__background-undefined uagb-columns__stack-mobile uagb-columns__valign-undefined uagb-columns__gap-10 alignundefined uagb-block-27b4ddf0\"><div class=\"uagb-columns__overlay\"><\/div><div class=\"uagb-columns__inner-wrap uagb-columns__columns-2\">\n<div class=\"wp-block-uagb-column uagb-column__wrap uagb-column__background-undefined uagb-block-8fa9cb40\"><div class=\"uagb-column__overlay\"><\/div><div class=\"uagb-column__inner-wrap\">\n<div class=\"wp-block-uagb-info-box uagb-infobox__outer-wrap uagb-block-68e7a3e9\"><div class=\"uagb-infobox__content-wrap uagb-infobox uagb-infobox-has-icon uagb-infobox-icon-left uagb-infobox-left uagb-infobox-stacked-tablet uagb-infobox-image-valign-top uagb-infobox-enable-border-radius \"><div class=\"uagb-ifb-left-right-wrap\"><div class=\"uagb-ifb-image-icon-content uagb-ifb-imgicon-wrap\"><div class=\"uagb-ifb-icon-wrap\"><span class=\"uagb-ifb-icon\"><svg xmlns=\"http:\/\/www.w3.org\/2000\/svg\" viewbox=\"0 0 512 512\"><path d=\"M320.2 243.8l-49.7 99.4c-6 12.1-23.4 11.7-28.9-.6l-56.9-126.3-30 71.7H60.6l182.5 186.5c7.1 7.3 18.6 7.3 25.7 0L451.4 288H342.3l-22.1-44.2zM473.7 73.9l-2.4-2.5c-51.5-52.6-135.8-52.6-187.4 0L256 100l-27.9-28.5c-51.5-52.7-135.9-52.7-187.4 0l-2.4 2.4C-10.4 123.7-12.5 203 31 256h102.4l35.9-86.2c5.4-12.9 23.6-13.2 29.4-.4l58.2 129.3 49-97.9c5.9-11.8 22.7-11.8 28.6 0l27.6 55.2H481c43.5-53 41.4-132.3-7.3-182.1z\"><\/path><\/svg><\/span><\/div><\/div><div class=\"uagb-ifb-content\"><div class=\"uagb-ifb-title-wrap\"><\/div><div class=\"uagb-ifb-text-wrap\"><p class=\"uagb-ifb-desc\">Bakterierna \u00e4r inb\u00e4ddade i sm\u00e5 klusters och skyddas fr\u00e5n fukt och syre inne tabletten. Bakterierna exponeras undan f\u00f6r undan d\u00e5 tabletten l\u00f6ses upp under 3 timmar.<\/p><\/div><\/div><\/div><\/div><\/div>\n<\/div><\/div>\n\n\n\n<div class=\"wp-block-uagb-column uagb-column__wrap uagb-column__background-undefined uagb-block-19aac8e5\"><div class=\"uagb-column__overlay\"><\/div><div class=\"uagb-column__inner-wrap\">\n<div class=\"wp-block-uagb-info-box uagb-infobox__outer-wrap uagb-block-aa7be4c7\"><div class=\"uagb-infobox__content-wrap uagb-infobox uagb-infobox-has-image uagb-infobox-icon-left uagb-infobox-left uagb-infobox-stacked-tablet uagb-infobox-image-valign-top uagb-infobox-enable-border-radius \"><div class=\"uagb-ifb-left-right-wrap\"><div class=\"uagb-ifb-image-icon-content uagb-ifb-imgicon-wrap\"><div class=\"uagb-ifb-image\"><div class=\"uagb-ifb-image-content\"><img class=\"uagb-ifb-img-src\" src=\"https:\/\/probion.com\/wp-content\/uploads\/2020\/05\/icon-probion-matrix2.svg\" alt=\"\"\/><\/div><\/div><\/div><div class=\"uagb-ifb-content\"><div class=\"uagb-ifb-title-wrap\"><\/div><div class=\"uagb-ifb-text-wrap\"><p class=\"uagb-ifb-desc\">Bakterierna exponeras undan f\u00f6r undan d\u00e5 tabletten l\u00f6ses upp under 3 timmar. Detta ger optimal h\u00e5llbarhet och livskraft i tjocktarmen d\u00e4r de slutligen deponeras f\u00f6r att utf\u00f6ra sitt arbete under n\u00e4rmaste 2 veckorna. Kontinuerlig tillf\u00f6rsel ger b\u00e4sta effekt. ProBion levererar livskraftiga bakterier med kontrollerad uppl\u00f6sning 180 minuter, vilket ger 10 x \u00f6kad exponeringstid och aktivering av levande och livskraftiga kulturer j\u00e4mf\u00f6rt med konventionella probiotiska produkter.<\/p><\/div><\/div><\/div><\/div><\/div>\n<\/div><\/div>\n<\/div><\/section>\n\n\n\n<section class=\"wp-block-uagb-columns uagb-columns__wrap uagb-columns__background-undefined uagb-columns__stack-mobile uagb-columns__valign-undefined uagb-columns__gap-10 alignundefined uagb-block-9e72464e\"><div class=\"uagb-columns__overlay\"><\/div><div class=\"uagb-columns__inner-wrap uagb-columns__columns-2\">\n<div class=\"wp-block-uagb-column uagb-column__wrap uagb-column__background-undefined uagb-block-7a4c31c7\"><div class=\"uagb-column__overlay\"><\/div><div class=\"uagb-column__inner-wrap\">\n<figure class=\"wp-block-image size-large is-style-default\"><img loading=\"lazy\" width=\"600\" height=\"397\" src=\"https:\/\/probion.com\/wp-content\/uploads\/2020\/07\/Diagram_2_20-2.png\" alt=\"\" class=\"wp-image-951\" srcset=\"http:\/\/dev1.pb.com.iteasy.ovh\/wp-content\/uploads\/2020\/07\/Diagram_2_20-2.png 600w, http:\/\/dev1.pb.com.iteasy.ovh\/wp-content\/uploads\/2020\/07\/Diagram_2_20-2-300x199.png 300w, http:\/\/dev1.pb.com.iteasy.ovh\/wp-content\/uploads\/2020\/07\/Diagram_2_20-2-250x165.png 250w, http:\/\/dev1.pb.com.iteasy.ovh\/wp-content\/uploads\/2020\/07\/Diagram_2_20-2-325x215.png 325w\" sizes=\"(max-width: 600px) 100vw, 600px\" \/><\/figure>\n<\/div><\/div>\n\n\n\n<div class=\"wp-block-uagb-column uagb-column__wrap uagb-column__background-undefined uagb-block-8a862b37\"><div class=\"uagb-column__overlay\"><\/div><div class=\"uagb-column__inner-wrap\">\n<figure class=\"wp-block-image size-large\"><img loading=\"lazy\" width=\"600\" height=\"397\" src=\"https:\/\/probion.com\/wp-content\/uploads\/2020\/07\/Diagram_1_20-2.png\" alt=\"\" class=\"wp-image-949\" srcset=\"http:\/\/dev1.pb.com.iteasy.ovh\/wp-content\/uploads\/2020\/07\/Diagram_1_20-2.png 600w, http:\/\/dev1.pb.com.iteasy.ovh\/wp-content\/uploads\/2020\/07\/Diagram_1_20-2-300x199.png 300w, http:\/\/dev1.pb.com.iteasy.ovh\/wp-content\/uploads\/2020\/07\/Diagram_1_20-2-250x165.png 250w, http:\/\/dev1.pb.com.iteasy.ovh\/wp-content\/uploads\/2020\/07\/Diagram_1_20-2-325x215.png 325w\" sizes=\"(max-width: 600px) 100vw, 600px\" \/><\/figure>\n<\/div><\/div>\n<\/div><\/section>\n\n\n\n<section class=\"wp-block-uagb-columns uagb-columns__wrap uagb-columns__background-undefined uagb-columns__stack-mobile uagb-columns__valign-undefined uagb-columns__gap-10 alignundefined uagb-block-79d155d3\"><div class=\"uagb-columns__overlay\"><\/div><div class=\"uagb-columns__inner-wrap uagb-columns__columns-2\">\n<div class=\"wp-block-uagb-column uagb-column__wrap uagb-column__background-undefined uagb-block-65749c98\"><div class=\"uagb-column__overlay\"><\/div><div class=\"uagb-column__inner-wrap\">\n<h4>\u2605 Den sinnrika tabletten uppvisar extrem h\u00e5llbarhet med kontrollerad uppl\u00f6sning, vilket medf\u00f6r att de livskraftiga bakterierna exponeras i mage och tarm under f\u00f6rl\u00e4ngd tid.<\/h4>\n<\/div><\/div>\n\n\n\n<div class=\"wp-block-uagb-column uagb-column__wrap uagb-column__background-undefined uagb-block-1213f3ff\"><div class=\"uagb-column__overlay\"><\/div><div class=\"uagb-column__inner-wrap\">\n<h4>\u2605 Wasa Medicals \u00e4r medlem av International Probiotics Association<\/h4>\n<\/div><\/div>\n<\/div><\/section>\n\n\n\n<p><\/p>\n\n\n\n<section class=\"wp-block-uagb-columns uagb-columns__wrap uagb-columns__background-none uagb-columns__stack-mobile uagb-columns__valign-undefined uagb-columns__gap-10 alignundefined uagb-block-81e20eb7\"><div class=\"uagb-columns__overlay\"><\/div><div class=\"uagb-columns__inner-wrap uagb-columns__columns-2\">\n<div class=\"wp-block-uagb-column uagb-column__wrap uagb-column__background-none uagb-block-43c53570\"><div class=\"uagb-column__overlay\"><\/div><div class=\"uagb-column__inner-wrap\">\n<p><\/p>\n\n\n\n<h3>ProBion Matrix Tabletten<\/h3>\n\n\n\n<p>Elektron-mikroskopiskt foto inuti tabletten som producerats med mjuk-kompressionsteknik. De metaboliska Inulin-fibrerna formar kaviteter med klusters, d\u00e4r de livskraftiga bakterierna skyddas hela v\u00e4gen ned till tarmen. Tabletten \u00e4r helt unik och den enda som kan leverera livskraftiga bakterier utan att skadas till sitt r\u00e4tta st\u00e4lle i tarmen.<\/p>\n<\/div><\/div>\n\n\n\n<div class=\"wp-block-uagb-column uagb-column__wrap uagb-column__background-undefined uagb-block-86fd00ec\"><div class=\"uagb-column__overlay\"><\/div><div class=\"uagb-column__inner-wrap\">\n<figure class=\"wp-block-image size-large roundcorners\"><img loading=\"lazy\" width=\"586\" height=\"370\" src=\"https:\/\/probion.com\/wp-content\/uploads\/2020\/05\/bacteria_36a.jpg\" alt=\"\" class=\"wp-image-40\" srcset=\"http:\/\/dev1.pb.com.iteasy.ovh\/wp-content\/uploads\/2020\/05\/bacteria_36a.jpg 586w, http:\/\/dev1.pb.com.iteasy.ovh\/wp-content\/uploads\/2020\/05\/bacteria_36a-300x189.jpg 300w, http:\/\/dev1.pb.com.iteasy.ovh\/wp-content\/uploads\/2020\/05\/bacteria_36a-250x158.jpg 250w, http:\/\/dev1.pb.com.iteasy.ovh\/wp-content\/uploads\/2020\/05\/bacteria_36a-325x205.jpg 325w\" sizes=\"(max-width: 586px) 100vw, 586px\" \/><\/figure>\n<\/div><\/div>\n<\/div><\/section>\n\n\n\n<section class=\"wp-block-uagb-columns uagb-columns__wrap uagb-columns__background-undefined uagb-columns__stack-mobile uagb-columns__valign-undefined uagb-columns__gap-10 alignundefined uagb-block-b05522f5\"><div class=\"uagb-columns__overlay\"><\/div><div class=\"uagb-columns__inner-wrap uagb-columns__columns-2\">\n<div class=\"wp-block-uagb-column uagb-column__wrap uagb-column__background-undefined uagb-block-ef9c85a0\"><div class=\"uagb-column__overlay\"><\/div><div class=\"uagb-column__inner-wrap\">\n<figure class=\"wp-block-image size-large roundcorners\"><img loading=\"lazy\" width=\"586\" height=\"370\" src=\"https:\/\/probion.com\/wp-content\/uploads\/2020\/05\/bacteria-13.jpg\" alt=\"\" class=\"wp-image-11\" srcset=\"http:\/\/dev1.pb.com.iteasy.ovh\/wp-content\/uploads\/2020\/05\/bacteria-13.jpg 586w, http:\/\/dev1.pb.com.iteasy.ovh\/wp-content\/uploads\/2020\/05\/bacteria-13-300x189.jpg 300w, http:\/\/dev1.pb.com.iteasy.ovh\/wp-content\/uploads\/2020\/05\/bacteria-13-250x158.jpg 250w, http:\/\/dev1.pb.com.iteasy.ovh\/wp-content\/uploads\/2020\/05\/bacteria-13-325x205.jpg 325w\" sizes=\"(max-width: 586px) 100vw, 586px\" \/><\/figure>\n<\/div><\/div>\n\n\n\n<div class=\"wp-block-uagb-column uagb-column__wrap uagb-column__background-undefined uagb-block-d2574981\"><div class=\"uagb-column__overlay\"><\/div><div class=\"uagb-column__inner-wrap\">\n<p><\/p>\n\n\n\n<h3>ProBion Matrix Kokonger<\/h3>\n\n\n\n<p>The ProBion Matrix globules protect clusters of bacteria. Matrixen best\u00e5r av runda kaviteter i vilka de probiotiska bakterie-kulturerna \u00e4r skyddade hela v\u00e4gen ned till tarmen. F\u00f6r att l\u00e4ra mer om ProBion Matrix<\/p>\n<\/div><\/div>\n<\/div><\/section>\n\n\n\n<section class=\"wp-block-uagb-columns uagb-columns__wrap uagb-columns__background-undefined uagb-columns__stack-mobile uagb-columns__valign-undefined uagb-columns__gap-10 alignundefined uagb-block-5f86c7b9\"><div class=\"uagb-columns__overlay\"><\/div><div class=\"uagb-columns__inner-wrap uagb-columns__columns-2\">\n<div class=\"wp-block-uagb-column uagb-column__wrap uagb-column__background-undefined uagb-block-cceb7d66\"><div class=\"uagb-column__overlay\"><\/div><div class=\"uagb-column__inner-wrap\">\n<p><\/p>\n\n\n\n<h3>Frystorkad och livskraftig<\/h3>\n\n\n\n<p>Foton som visar hur det ser ut inne i kaviteterna. Bakterierna \u00e4r livskraftiga och frystorkade som aktiveras n\u00e4r de n\u00e5r tarmslemhinnan. Tabletten uppl\u00f6ses l\u00e5ngsamt och sprider sig \u00f6ver ett stort omr\u00e5de. Tillsammans med Inulin b\u00f6rjar bakterierna balansera mikrofloran i tarmen.<\/p>\n<\/div><\/div>\n\n\n\n<div class=\"wp-block-uagb-column uagb-column__wrap uagb-column__background-undefined uagb-block-275836e4\"><div class=\"uagb-column__overlay\"><\/div><div class=\"uagb-column__inner-wrap\">\n<figure class=\"wp-block-image size-large roundcorners\"><img loading=\"lazy\" width=\"586\" height=\"370\" src=\"https:\/\/probion.com\/wp-content\/uploads\/2020\/05\/bacteria-12.jpg\" alt=\"\" class=\"wp-image-30\" srcset=\"http:\/\/dev1.pb.com.iteasy.ovh\/wp-content\/uploads\/2020\/05\/bacteria-12.jpg 586w, http:\/\/dev1.pb.com.iteasy.ovh\/wp-content\/uploads\/2020\/05\/bacteria-12-300x189.jpg 300w, http:\/\/dev1.pb.com.iteasy.ovh\/wp-content\/uploads\/2020\/05\/bacteria-12-250x158.jpg 250w, http:\/\/dev1.pb.com.iteasy.ovh\/wp-content\/uploads\/2020\/05\/bacteria-12-325x205.jpg 325w\" sizes=\"(max-width: 586px) 100vw, 586px\" \/><\/figure>\n<\/div><\/div>\n<\/div><\/section>\n\n\n\n<section class=\"wp-block-uagb-columns uagb-columns__wrap uagb-columns__background-undefined uagb-columns__stack-mobile uagb-columns__valign-undefined uagb-columns__gap-10 alignundefined uagb-block-fbba87b4\"><div class=\"uagb-columns__overlay\"><\/div><div class=\"uagb-columns__inner-wrap uagb-columns__columns-2\">\n<div class=\"wp-block-uagb-column uagb-column__wrap uagb-column__background-undefined uagb-block-16ab76db\"><div class=\"uagb-column__overlay\"><\/div><div class=\"uagb-column__inner-wrap\">\n<figure class=\"wp-block-image size-large roundcorners\"><img loading=\"lazy\" width=\"586\" height=\"370\" src=\"https:\/\/probion.com\/wp-content\/uploads\/2020\/05\/bacteria-14.jpg\" alt=\"\" class=\"wp-image-31\" srcset=\"http:\/\/dev1.pb.com.iteasy.ovh\/wp-content\/uploads\/2020\/05\/bacteria-14.jpg 586w, http:\/\/dev1.pb.com.iteasy.ovh\/wp-content\/uploads\/2020\/05\/bacteria-14-300x189.jpg 300w, http:\/\/dev1.pb.com.iteasy.ovh\/wp-content\/uploads\/2020\/05\/bacteria-14-250x158.jpg 250w, http:\/\/dev1.pb.com.iteasy.ovh\/wp-content\/uploads\/2020\/05\/bacteria-14-325x205.jpg 325w\" sizes=\"(max-width: 586px) 100vw, 586px\" \/><\/figure>\n\n\n\n<p><\/p>\n<\/div><\/div>\n\n\n\n<div class=\"wp-block-uagb-column uagb-column__wrap uagb-column__background-undefined uagb-block-2f613212\"><div class=\"uagb-column__overlay\"><\/div><div class=\"uagb-column__inner-wrap\">\n<h3>Tablett producerad med \u201dnormala\u201d kompressionskrafterna.<\/h3>\n\n\n\n<p>N\u00e4r normal kompressions-kraft appliceras vid konventionell tablett-tillverkning d\u00f6das merparten av alla frystorkade bakterier. Strukturen ovan visar cement-block d\u00e4r det inte finns utrymme f\u00f6r bakterier.<\/p>\n\n\n\n<h4>KONKLUSION &#8211; ProBion Matrix tekniken \u00e4r avg\u00f6rande f\u00f6r att bevara livskraften hos de frystorkade bakterierna.<\/h4>\n\n\n\n<p>F\u00f6r att l\u00e4ra mer om ProBion Matrix<\/p>\n<\/div><\/div>\n<\/div><\/section>\n\n\n\n<h4 class=\"has-text-align-center\"><a href=\"\/probion-blog\/infrastructure-of-probion-matrix\">F\u00f6r att l\u00e4ra mer \u2013 L\u00e4s om Infrastrukturen I ProBion \u2013 Distributionen av mikrober i tabletten<\/a><\/h4>\n<\/div><\/div>\n<\/div><\/section>\n","protected":false},"excerpt":{"rendered":"","protected":false},"author":1,"featured_media":0,"parent":628,"menu_order":0,"comment_status":"closed","ping_status":"closed","template":"","meta":{"inline_featured_image":false,"site-sidebar-layout":"default","site-content-layout":"default","ast-main-header-display":"","ast-hfb-above-header-display":"","ast-hfb-below-header-display":"","ast-hfb-mobile-header-display":"","site-post-title":"disabled","ast-breadcrumbs-content":"","ast-featured-img":"","footer-sml-layout":"","theme-transparent-header-meta":"default","adv-header-id-meta":"","stick-header-meta":"default","header-above-stick-meta":"","header-main-stick-meta":"","header-below-stick-meta":""},"uagb_featured_image_src":{"full":false,"thumbnail":false,"medium":false,"medium_large":false,"large":false,"1536x1536":false,"2048x2048":false,"woocommerce_thumbnail":false,"woocommerce_single":false,"woocommerce_gallery_thumbnail":false,"shop_catalog":false,"shop_single":false,"shop_thumbnail":false},"uagb_author_info":{"display_name":"Mad","author_link":"http:\/\/dev1.pb.com.iteasy.ovh\/sv\/probion-blog\/author\/mad"},"uagb_comment_info":0,"uagb_excerpt":null,"_links":{"self":[{"href":"http:\/\/dev1.pb.com.iteasy.ovh\/sv\/wp-json\/wp\/v2\/pages\/597"}],"collection":[{"href":"http:\/\/dev1.pb.com.iteasy.ovh\/sv\/wp-json\/wp\/v2\/pages"}],"about":[{"href":"http:\/\/dev1.pb.com.iteasy.ovh\/sv\/wp-json\/wp\/v2\/types\/page"}],"author":[{"embeddable":true,"href":"http:\/\/dev1.pb.com.iteasy.ovh\/sv\/wp-json\/wp\/v2\/users\/1"}],"replies":[{"embeddable":true,"href":"http:\/\/dev1.pb.com.iteasy.ovh\/sv\/wp-json\/wp\/v2\/comments?post=597"}],"version-history":[{"count":0,"href":"http:\/\/dev1.pb.com.iteasy.ovh\/sv\/wp-json\/wp\/v2\/pages\/597\/revisions"}],"up":[{"embeddable":true,"href":"http:\/\/dev1.pb.com.iteasy.ovh\/sv\/wp-json\/wp\/v2\/pages\/628"}],"wp:attachment":[{"href":"http:\/\/dev1.pb.com.iteasy.ovh\/sv\/wp-json\/wp\/v2\/media?parent=597"}],"curies":[{"name":"wp","href":"https:\/\/api.w.org\/{rel}","templated":true}]}}