{"id":5431,"date":"2020-11-18T11:44:27","date_gmt":"2020-11-18T10:44:27","guid":{"rendered":"https:\/\/probion.com\/homepage-probion-2"},"modified":"2021-05-04T18:21:39","modified_gmt":"2021-05-04T16:21:39","slug":"homepage-probion-2","status":"publish","type":"page","link":"http:\/\/dev1.pb.com.iteasy.ovh\/sv","title":{"rendered":"HomePage ProBion 2"},"content":{"rendered":"\n<section class=\"wp-block-uagb-columns uagb-columns__wrap uagb-columns__background-undefined uagb-columns__stack-mobile uagb-columns__valign-undefined uagb-columns__gap-0 alignundefined uagb-block-4b33f59d full-width header_content\"><div class=\"uagb-columns__overlay\"><\/div><div class=\"uagb-columns__inner-wrap uagb-columns__columns-1\">\n<div class=\"wp-block-uagb-column uagb-column__wrap uagb-column__background-undefined uagb-block-7611205c\"><div class=\"uagb-column__overlay\"><\/div><div class=\"uagb-column__inner-wrap\">\n<h1 class=\"has-text-align-center\">Livskraftig och Sinnrik<br\/>Probiota med Terapeutisk Kvalitet<br\/> Anpassad f\u00f6r Din Mage<\/h1>\n\n\n\n<p class=\"has-small-font-size has-text-align-center\"><span class=\"has-inline-color has-vivid-cyan-blue-color\"><strong>MADE IN SWEDEN<\/strong><\/span><\/p>\n\n\n\n<p class=\"has-text-align-center\"> <a href=\"https:\/\/probion.com\/sv\/kop-probion?utm_source=frontpage&#038;utm_medium=button&#038;utm_campaign=CTA&#038;utm_term=BUY%20PROBION\"><button type=\"button\" class=\"header_button\">K\u00d6P PROBION<\/button><\/a><\/p>\n<\/div><\/div>\n<\/div><\/section>\n\n<p><\/p>\n\n<div class=\"woocommerce columns-4 \"><ul class=\"products columns-4\">\n<li class=\"align-center box-shadow-1 box-shadow-3-hover ast-product-gallery-layout-horizontal ast-product-gallery-with-no-image ast-product-tabs-layout-horizontal product type-product post-604 status-publish first instock product_cat-probion-probiotika has-post-thumbnail taxable shipping-taxable purchasable product-type-simple\">\n\t<span data-content_category=\"Probiotika\"><\/span><\/li>\n<li class=\"align-center box-shadow-1 box-shadow-3-hover ast-product-gallery-layout-horizontal ast-product-gallery-with-no-image ast-product-tabs-layout-horizontal product type-product post-643 status-publish instock product_cat-probion-probiotika has-post-thumbnail taxable shipping-taxable purchasable product-type-simple\">\n\t<span data-content_category=\"Probiotika\"><\/span><\/li>\n<li class=\"align-center box-shadow-1 box-shadow-3-hover ast-product-gallery-layout-horizontal ast-product-gallery-with-no-image ast-product-tabs-layout-horizontal product type-product post-607 status-publish instock product_cat-probion-probiotika has-post-thumbnail taxable shipping-taxable purchasable product-type-variable has-default-attributes\">\n\t<span data-content_category=\"Probiotika\"><\/span><\/li>\n<li class=\"align-center box-shadow-1 box-shadow-3-hover ast-product-gallery-layout-horizontal ast-product-gallery-with-no-image ast-product-tabs-layout-horizontal product type-product post-606 status-publish last instock product_cat-probion-probiotika has-post-thumbnail taxable shipping-taxable purchasable product-type-simple\">\n\t<span data-content_category=\"Probiotika\"><\/span><\/li>\n<\/ul>\n<\/div>\n\n<p><\/p>\n\n<section class=\"wp-block-uagb-columns uagb-columns__wrap uagb-columns__background-gradient uagb-columns__stack-mobile uagb-columns__valign-undefined uagb-columns__gap-10 alignundefined uagb-block-9b23b580\"><div class=\"uagb-columns__overlay\"><\/div><div class=\"uagb-columns__inner-wrap uagb-columns__columns-2\">\n<div class=\"wp-block-uagb-column uagb-column__wrap uagb-column__background-undefined uagb-block-455cef34\"><div class=\"uagb-column__overlay\"><\/div><div class=\"uagb-column__inner-wrap\">\n<h3 class=\"header_bold\">#1 Probiota f\u00f6r Din Mage<br\/><\/h3>\n\n\n\n<h4>Probiotika mot symtom p\u00e5 <strong><a href=\"https:\/\/probion.com\/probion-blog\/probiotics-for-ibs#constipation\">f\u00f6rstoppning<\/a><\/strong>, <strong><a href=\"https:\/\/probion.com\/probion-blog\/probiotics-for-ibs#diarrhoea\">diarr\u00e9<\/a><\/strong> och <strong><a href=\"https:\/\/probion.com\/probion-blog\/probiotics-for-ibs\">IBS<\/a><\/strong><\/h4>\n\n\n\n<p><\/p>\n\n\n\n<div class=\"wp-block-image is-style-rounded\"><figure class=\"alignleft size-large is-resized\"><img loading=\"lazy\" src=\"https:\/\/probion.com\/wp-content\/uploads\/2020\/07\/lennart_cedgard_ceo_probion.jpg\" alt=\"\" class=\"wp-image-987\" width=\"120\" height=\"120\" srcset=\"http:\/\/dev1.pb.com.iteasy.ovh\/wp-content\/uploads\/2020\/07\/lennart_cedgard_ceo_probion.jpg 350w, http:\/\/dev1.pb.com.iteasy.ovh\/wp-content\/uploads\/2020\/07\/lennart_cedgard_ceo_probion-300x300.jpg 300w, http:\/\/dev1.pb.com.iteasy.ovh\/wp-content\/uploads\/2020\/07\/lennart_cedgard_ceo_probion-150x150.jpg 150w, http:\/\/dev1.pb.com.iteasy.ovh\/wp-content\/uploads\/2020\/07\/lennart_cedgard_ceo_probion-250x250.jpg 250w, http:\/\/dev1.pb.com.iteasy.ovh\/wp-content\/uploads\/2020\/07\/lennart_cedgard_ceo_probion-325x325.jpg 325w, http:\/\/dev1.pb.com.iteasy.ovh\/wp-content\/uploads\/2020\/07\/lennart_cedgard_ceo_probion-100x100.jpg 100w\" sizes=\"(max-width: 120px) 100vw, 120px\" \/><\/figure><\/div>\n\n\n\n<p class=\"has-text-align-center\">&#8221;<em>ProBion \u00e4r exlusivt anpassad f\u00f6r att passa alla magar oavsett \u00e5lder. V\u00e4l utvalda bakteriestammar f\u00f6r att harmonisera tillsammans och garantera terapeutisk kvalitet under l\u00e5ng tid.<\/em>&#8221; <strong> &#8212; Dr. Lennart Cedg\u00e5rd<\/strong> &#8211; Innovat\u00f6r<\/p>\n\n\n\n<p class=\"has-text-align-center\"> <a href=\"https:\/\/probion.com\/sv\/probion-medicinska-probiotika\" data-type=\"page\" data-id=\"191\"><button type=\"button\">L\u00e4s mer<\/button> <\/a><\/p>\n<\/div><\/div>\n\n\n\n<div class=\"wp-block-uagb-column uagb-column__wrap uagb-column__background-image uagb-block-9311800b\"><div class=\"uagb-column__overlay\"><\/div><div class=\"uagb-column__inner-wrap\">\n<div class=\"wp-block-image\"><figure class=\"aligncenter size-large is-resized\"><img loading=\"lazy\" src=\"https:\/\/probion.com\/wp-content\/uploads\/2020\/06\/icon-probionheart-small-svg.svg\" alt=\"\" class=\"wp-image-115\" width=\"315\" height=\"273\"\/><\/figure><\/div>\n\n\n\n<p><\/p>\n<\/div><\/div>\n<\/div><\/section>\n\n<div class=\"wp-container-1 wp-block-group full-width header_margin\"><div class=\"wp-block-group__inner-container\">\n<p class=\"has-text-align-center header_bar header_bar_l\">ProBion \u00e4r anpassat f\u00f6r olika magar<br\/>Detta eftersom vi alla har olika typer av f\u00f6dointag<\/p>\n\n\n\n<p class=\"has-text-align-center header_bar header_bar_h\">Vissa har l\u00e5ngsamma och andra snabba och oroliga magar<\/p>\n<\/div><\/div>\n\n<section class=\"wp-block-uagb-columns uagb-columns__wrap uagb-columns__background-undefined uagb-columns__stack-mobile uagb-columns__valign-undefined uagb-columns__gap-10 alignundefined uagb-block-43639331\"><div class=\"uagb-columns__overlay\"><\/div><div class=\"uagb-columns__shape uagb-columns__shape-top\"><svg xmlns=\"http:\/\/www.w3.org\/2000\/svg\" viewbox=\"0 0 1000 100\" preserveaspectratio=\"none\"><path class=\"uagb-columns__shape-fill\" opacity=\"0.33\" d=\"M473,67.3c-203.9,88.3-263.1-34-320.3,0C66,119.1,0,59.7,0,59.7V0h1000v59.7 c0,0-62.1,26.1-94.9,29.3c-32.8,3.3-62.8-12.3-75.8-22.1C806,49.6,745.3,8.7,694.9,4.7S492.4,59,473,67.3z\"><\/path><path class=\"uagb-columns__shape-fill\" opacity=\"0.66\" d=\"M734,67.3c-45.5,0-77.2-23.2-129.1-39.1c-28.6-8.7-150.3-10.1-254,39.1 s-91.7-34.4-149.2,0C115.7,118.3,0,39.8,0,39.8V0h1000v36.5c0,0-28.2-18.5-92.1-18.5C810.2,18.1,775.7,67.3,734,67.3z\"><\/path><path class=\"uagb-columns__shape-fill\" d=\"M766.1,28.9c-200-57.5-266,65.5-395.1,19.5C242,1.8,242,5.4,184.8,20.6C128,35.8,132.3,44.9,89.9,52.5C28.6,63.7,0,0,0,0 h1000c0,0-9.9,40.9-83.6,48.1S829.6,47,766.1,28.9z\"><\/path><\/svg><\/div><div class=\"uagb-columns__inner-wrap uagb-columns__columns-4\">\n<div class=\"wp-block-uagb-column uagb-column__wrap uagb-column__background-undefined uagb-block-6d76a877\"><div class=\"uagb-column__overlay\"><\/div><div class=\"uagb-column__inner-wrap\">\n<p class=\"custom-review-title\"><strong>ProBion Basic<\/strong><\/p>\n\n\n\n<p class=\"custom-review-text\">F\u00f6r den l\u00e5ngsamma och k\u00e4nsliga magen<\/p>\n<\/div><\/div>\n\n\n\n<div class=\"wp-block-uagb-column uagb-column__wrap uagb-column__background-undefined uagb-block-7fd30490\"><div class=\"uagb-column__overlay\"><\/div><div class=\"uagb-column__inner-wrap\">\n<p class=\"custom-review-title\"><strong>ProBion Daily<\/strong><\/p>\n\n\n\n<p class=\"custom-review-text\"> F\u00f6r normal eller orolig mage<br\/><\/p>\n\n\n\n<p><\/p>\n<\/div><\/div>\n\n\n\n<div class=\"wp-block-uagb-column uagb-column__wrap uagb-column__background-undefined uagb-block-1013712a\"><div class=\"uagb-column__overlay\"><\/div><div class=\"uagb-column__inner-wrap\">\n<p class=\"custom-review-title\"><strong>ProBion Clinica<\/strong><\/p>\n\n\n\n<p class=\"custom-review-text\">F\u00f6r de flesta och som komplement till A\/B\/D (<a rel=\"noreferrer noopener\" href=\"https:\/\/www.reviews.co.uk\/company-review\/store\/probion-com\/6375988\" target=\"_blank\">mer<\/a>)<\/p>\n\n\n\n<p><\/p>\n<\/div><\/div>\n\n\n\n<div class=\"wp-block-uagb-column uagb-column__wrap uagb-column__background-undefined uagb-block-5c100a15\"><div class=\"uagb-column__overlay\"><\/div><div class=\"uagb-column__inner-wrap\">\n<p class=\"custom-review-title\"><strong>ProBion Active<\/strong><\/p>\n\n\n\n<p class=\"custom-review-text\">F\u00f6r den snabba eller l\u00f6sa magen samt vid resa<\/p>\n\n\n\n<p><\/p>\n<\/div><\/div>\n<\/div><\/section>\n\n<section class=\"wp-block-uagb-columns uagb-columns__wrap uagb-columns__background-color uagb-columns__stack-mobile uagb-columns__valign-undefined uagb-columns__gap-10 alignundefined uagb-block-5daab3c9\"><div class=\"uagb-columns__overlay\"><\/div><div class=\"uagb-columns__inner-wrap uagb-columns__columns-1\">\n<div class=\"wp-block-uagb-column uagb-column__wrap uagb-column__background-undefined uagb-block-15e1b5c0\"><div class=\"uagb-column__overlay\"><\/div><div class=\"uagb-column__inner-wrap\">\n<h2><a href=\"http:\/\/www.reviews.co.uk\/company-reviews\/store\/probion-com\" target=\"_blank\" rel=\"noreferrer noopener\">ProBion Vad V\u00e5ra Kunder S\u00e4ger?<\/a><\/h2>\n\n\n\n<p>[rio_shortcode]<\/p>\n<\/div><\/div>\n<\/div><\/section>\n\n<p><\/p>\n\n<h2 class=\"has-text-align-center\">K\u00f6p ProBion anpassat f\u00f6r olika magar<\/h2>\n\n<div class=\"woocommerce columns-4 \"><ul class=\"products columns-4\">\n<li class=\"align-center box-shadow-1 box-shadow-3-hover ast-product-gallery-layout-horizontal ast-product-gallery-with-no-image ast-product-tabs-layout-horizontal product type-product post-604 status-publish first instock product_cat-probion-probiotika has-post-thumbnail taxable shipping-taxable purchasable product-type-simple\">\n\t<span data-content_category=\"Probiotika\"><\/span><\/li>\n<li class=\"align-center box-shadow-1 box-shadow-3-hover ast-product-gallery-layout-horizontal ast-product-gallery-with-no-image ast-product-tabs-layout-horizontal product type-product post-643 status-publish instock product_cat-probion-probiotika has-post-thumbnail taxable shipping-taxable purchasable product-type-simple\">\n\t<span data-content_category=\"Probiotika\"><\/span><\/li>\n<li class=\"align-center box-shadow-1 box-shadow-3-hover ast-product-gallery-layout-horizontal ast-product-gallery-with-no-image ast-product-tabs-layout-horizontal product type-product post-607 status-publish instock product_cat-probion-probiotika has-post-thumbnail taxable shipping-taxable purchasable product-type-variable has-default-attributes\">\n\t<span data-content_category=\"Probiotika\"><\/span><\/li>\n<li class=\"align-center box-shadow-1 box-shadow-3-hover ast-product-gallery-layout-horizontal ast-product-gallery-with-no-image ast-product-tabs-layout-horizontal product type-product post-606 status-publish last instock product_cat-probion-probiotika has-post-thumbnail taxable shipping-taxable purchasable product-type-simple\">\n\t<span data-content_category=\"Probiotika\"><\/span><\/li>\n<\/ul>\n<\/div>\n\n<h4 class=\"has-text-align-center\">Som visas i<\/h4>\n\n<section class=\"wp-block-uagb-columns uagb-columns__wrap uagb-columns__background-undefined uagb-columns__stack-mobile uagb-columns__valign-undefined uagb-columns__gap-10 alignundefined uagb-block-e3e2c9ba\"><div class=\"uagb-columns__overlay\"><\/div><div class=\"uagb-columns__inner-wrap uagb-columns__columns-3\">\n<div class=\"wp-block-uagb-column uagb-column__wrap uagb-column__background-undefined uagb-block-9341983c\"><div class=\"uagb-column__overlay\"><\/div><div class=\"uagb-column__inner-wrap\">\n<figure class=\"wp-block-image size-large\"><img loading=\"lazy\" width=\"350\" height=\"105\" src=\"https:\/\/probion.com\/wp-content\/uploads\/2020\/08\/ipa-icon.png\" alt=\"Wasa Medicals &#xE4;r medlem i International Probiotics Association\" class=\"wp-image-1238\" srcset=\"http:\/\/dev1.pb.com.iteasy.ovh\/wp-content\/uploads\/2020\/08\/ipa-icon.png 350w, http:\/\/dev1.pb.com.iteasy.ovh\/wp-content\/uploads\/2020\/08\/ipa-icon-300x90.png 300w, http:\/\/dev1.pb.com.iteasy.ovh\/wp-content\/uploads\/2020\/08\/ipa-icon-250x75.png 250w, http:\/\/dev1.pb.com.iteasy.ovh\/wp-content\/uploads\/2020\/08\/ipa-icon-325x98.png 325w\" sizes=\"(max-width: 350px) 100vw, 350px\" \/><\/figure>\n<\/div><\/div>\n\n\n\n<div class=\"wp-block-uagb-column uagb-column__wrap uagb-column__background-undefined uagb-block-5a2be8be\"><div class=\"uagb-column__overlay\"><\/div><div class=\"uagb-column__inner-wrap\">\n<figure class=\"wp-block-image size-large is-resized\"><a href=\"https:\/\/bmjopengastro.bmj.com\/content\/4\/1\/e000145\" target=\"_blank\" rel=\"noopener noreferrer\"><img loading=\"lazy\" src=\"https:\/\/probion.com\/wp-content\/uploads\/2020\/08\/bmj-icon.png\" alt=\"V&#xE5;ra publikationer i BMJ\" class=\"wp-image-1240\" width=\"350\" height=\"105\" srcset=\"http:\/\/dev1.pb.com.iteasy.ovh\/wp-content\/uploads\/2020\/08\/bmj-icon.png 350w, http:\/\/dev1.pb.com.iteasy.ovh\/wp-content\/uploads\/2020\/08\/bmj-icon-300x90.png 300w, http:\/\/dev1.pb.com.iteasy.ovh\/wp-content\/uploads\/2020\/08\/bmj-icon-250x75.png 250w, http:\/\/dev1.pb.com.iteasy.ovh\/wp-content\/uploads\/2020\/08\/bmj-icon-325x98.png 325w\" sizes=\"(max-width: 350px) 100vw, 350px\" \/><\/a><\/figure>\n<\/div><\/div>\n\n\n\n<div class=\"wp-block-uagb-column uagb-column__wrap uagb-column__background-undefined uagb-block-2fe9e5e2\"><div class=\"uagb-column__overlay\"><\/div><div class=\"uagb-column__inner-wrap\">\n<figure class=\"wp-block-image size-large\"><img loading=\"lazy\" width=\"350\" height=\"105\" src=\"https:\/\/probion.com\/wp-content\/uploads\/2020\/08\/LA_logo_bw-55-55.png\" alt=\"\" class=\"wp-image-1242\" srcset=\"http:\/\/dev1.pb.com.iteasy.ovh\/wp-content\/uploads\/2020\/08\/LA_logo_bw-55-55.png 350w, http:\/\/dev1.pb.com.iteasy.ovh\/wp-content\/uploads\/2020\/08\/LA_logo_bw-55-55-300x90.png 300w, http:\/\/dev1.pb.com.iteasy.ovh\/wp-content\/uploads\/2020\/08\/LA_logo_bw-55-55-250x75.png 250w, http:\/\/dev1.pb.com.iteasy.ovh\/wp-content\/uploads\/2020\/08\/LA_logo_bw-55-55-325x98.png 325w\" sizes=\"(max-width: 350px) 100vw, 350px\" \/><\/figure>\n\n\n\n<p><\/p>\n<\/div><\/div>\n<\/div><\/section>\n\n<section class=\"wp-block-uagb-columns uagb-columns__wrap uagb-columns__background-gradient uagb-columns__stack-mobile uagb-columns__valign-undefined uagb-columns__gap-10 alignundefined uagb-block-19b787f9\"><div class=\"uagb-columns__overlay\"><\/div><div class=\"uagb-columns__inner-wrap uagb-columns__columns-2\">\n<div class=\"wp-block-uagb-column uagb-column__wrap uagb-column__background-undefined uagb-block-cc79bf73\"><div class=\"uagb-column__overlay\"><\/div><div class=\"uagb-column__inner-wrap\">\n<h3> \ud83d\udc49 H\u00e5ller kontakten?<\/h3>\n\n\n\n<h5>H\u00e5ll Dig uppdaterad! Registrera dig f\u00f6r att f\u00e5 de senaste erbjudandena<\/h5>\n<\/div><\/div>\n\n\n\n<div class=\"wp-block-uagb-column uagb-column__wrap uagb-column__background-undefined uagb-block-95225fb7\"><div class=\"uagb-column__overlay\"><\/div><div class=\"uagb-column__inner-wrap\">\n<form class=\"form subscribe\" action=\"https:\/\/www.getdrip.com\/forms\/267432370\/submissions\" method=\"post\" data-drip-embedded-form=\"267432370\"><div class=\"field newsletter\"> <input type=\"email\" id=\"drip-email\" name=\"fields[email]\" value=\"\" placeholder=\"100% PRIVAT\"\/><input name=\"email\" class=\"action subscribe primary\" type=\"submit\" value=\"S\u00e4nd mig en\" data-drip-attribute=\"sign-up-button\"\/><\/div><\/form>\n<\/div><\/div>\n<\/div><\/section>\n\n<style><![CDATA[ #primary, .ast-plain-container #primary { margin-top: 0; } .ast-separate-container #primary, .ast-separate-container.ast-left-sidebar #primary, .ast-separate-container.ast-right-sidebar #primary { margin: 0; padding: 0; } .ast-separate-container .ast-article-post, .ast-separate-container .ast-article-single { padding: 0; } \/\/comment ]]]]><![CDATA[><\/style>\n","protected":false},"excerpt":{"rendered":"<p>ProBion \u00e4r anpassat f\u00f6r olika magarDetta eftersom vi alla har olika typer av f\u00f6dointag Vissa har l\u00e5ngsamma och andra snabba och oroliga magar K\u00f6p ProBion anpassat f\u00f6r olika magar Som visas i<\/p>\n","protected":false},"author":1,"featured_media":0,"parent":0,"menu_order":0,"comment_status":"closed","ping_status":"closed","template":"","meta":{"inline_featured_image":false,"site-sidebar-layout":"default","site-content-layout":"default","ast-main-header-display":"","ast-hfb-above-header-display":"","ast-hfb-below-header-display":"","ast-hfb-mobile-header-display":"","site-post-title":"disabled","ast-breadcrumbs-content":"","ast-featured-img":"","footer-sml-layout":"","theme-transparent-header-meta":"default","adv-header-id-meta":"","stick-header-meta":"default","header-above-stick-meta":"","header-main-stick-meta":"","header-below-stick-meta":""},"uagb_featured_image_src":{"full":false,"thumbnail":false,"medium":false,"medium_large":false,"large":false,"1536x1536":false,"2048x2048":false,"woocommerce_thumbnail":false,"woocommerce_single":false,"woocommerce_gallery_thumbnail":false,"shop_catalog":false,"shop_single":false,"shop_thumbnail":false},"uagb_author_info":{"display_name":"Mad","author_link":"http:\/\/dev1.pb.com.iteasy.ovh\/sv\/probion-blog\/author\/mad"},"uagb_comment_info":0,"uagb_excerpt":"ProBion \u00e4r anpassat f\u00f6r olika magarDetta eftersom vi alla har olika typer av f\u00f6dointag Vissa har l\u00e5ngsamma och andra snabba och oroliga magar K\u00f6p ProBion anpassat f\u00f6r olika magar Som visas i","_links":{"self":[{"href":"http:\/\/dev1.pb.com.iteasy.ovh\/sv\/wp-json\/wp\/v2\/pages\/5431"}],"collection":[{"href":"http:\/\/dev1.pb.com.iteasy.ovh\/sv\/wp-json\/wp\/v2\/pages"}],"about":[{"href":"http:\/\/dev1.pb.com.iteasy.ovh\/sv\/wp-json\/wp\/v2\/types\/page"}],"author":[{"embeddable":true,"href":"http:\/\/dev1.pb.com.iteasy.ovh\/sv\/wp-json\/wp\/v2\/users\/1"}],"replies":[{"embeddable":true,"href":"http:\/\/dev1.pb.com.iteasy.ovh\/sv\/wp-json\/wp\/v2\/comments?post=5431"}],"version-history":[{"count":0,"href":"http:\/\/dev1.pb.com.iteasy.ovh\/sv\/wp-json\/wp\/v2\/pages\/5431\/revisions"}],"wp:attachment":[{"href":"http:\/\/dev1.pb.com.iteasy.ovh\/sv\/wp-json\/wp\/v2\/media?parent=5431"}],"curies":[{"name":"wp","href":"https:\/\/api.w.org\/{rel}","templated":true}]}}